{"id":3588,"date":"2015-12-06T22:41:22","date_gmt":"2015-12-06T21:41:22","guid":{"rendered":"https:\/\/www.marceljousse.com\/MAJ-2024\/willkommen\/"},"modified":"2015-12-06T22:41:22","modified_gmt":"2015-12-06T21:41:22","slug":"willkommen","status":"publish","type":"page","link":"https:\/\/www.marceljousse.com\/de\/","title":{"rendered":"Willkommen"},"content":{"rendered":"<h4><strong>Die Arbeiten des Anthropologen Marcel Jousse k\u00f6nnen jedem Menschen, der an einem besseren Verst\u00e4ndnis von sich selbst und anderen interessiert ist, weiterhelfen.<\/strong><\/h4>\n<h4><strong>Der Verein \u201eAssociation Marcel Jousse\u201c, 1968 gegr\u00fcndet, hat sich f\u00fcr Ziel gesetzt :<\/strong><\/h4>\n<h4><strong>\u201eDie Verbreitung der Gedanken von Professor Marcel Jousse zu f\u00f6rdern, die Kenntnis seiner Forschungsarbeiten zu vertiefen und ggfalls. diese fortzusetzen.\u201c<\/strong><\/h4>\n<h4><strong>Diese Website soll der internationalen Verbreitung des wichtigen Beitrags von Marcel Jousse zur Anthropologie dienen.<\/strong><\/h4>\n<h4><strong>Wir suchen \u00dcbersetzer, um diese Seite in deutsche Sprache gestalten zu k\u00f6nnen. Originalbeitr\u00e4ge in deutscher Sprache sind dar\u00fcber hinaus herzlich willkommen.<\/strong><\/h4>\n<h4><strong>F\u00fcr den Vorstand , Thomas M.<\/strong><\/h4>\n<h4><strong>Wir freuen uns, wenn Sie uns kontaktieren: webmaster \/ at \/ marceljousse.com<\/strong><\/h4>\n<p><a href=\"https:\/\/www.marceljousse.com\/MAJ-2024\/wp-content\/uploads\/2015\/12\/LOGO-MARCEL-JOUSSE3-300x111.png\"><img loading=\"lazy\" decoding=\"async\" class=\"aligncenter wp-image-8 size-medium\" src=\"https:\/\/www.marceljousse.com\/MAJ-2024\/wp-content\/uploads\/2015\/12\/LOGO-MARCEL-JOUSSE3-300x111.png\" alt=\"LOGO-MARCEL-JOUSSE3\" width=\"300\" height=\"111\" srcset=\"https:\/\/www.marceljousse.com\/wp-content\/uploads\/2015\/12\/LOGO-MARCEL-JOUSSE3-300x111.png 300w, https:\/\/www.marceljousse.com\/wp-content\/uploads\/2015\/12\/LOGO-MARCEL-JOUSSE3-1024x377.png 1024w\" sizes=\"auto, (max-width: 300px) 100vw, 300px\" \/><\/a><\/p>\n","protected":false},"excerpt":{"rendered":"<p>Die Arbeiten des Anthropologen Marcel Jousse k\u00f6nnen jedem Menschen, der an einem besseren Verst\u00e4ndnis von sich selbst und anderen interessiert ist, weiterhelfen. Der Verein \u201eAssociation Marcel Jousse\u201c, 1968 gegr\u00fcndet, hat sich f\u00fcr Ziel gesetzt : \u201eDie Verbreitung der Gedanken von Professor Marcel Jousse zu f\u00f6rdern, die Kenntnis seiner Forschungsarbeiten zu vertiefen und ggfalls. diese fortzusetzen.\u201c [&hellip;]<\/p>\n","protected":false},"author":2,"featured_media":0,"parent":0,"menu_order":0,"comment_status":"closed","ping_status":"closed","template":"","meta":{"footnotes":""},"class_list":["post-3588","page","type-page","status-publish","hentry"],"_links":{"self":[{"href":"https:\/\/www.marceljousse.com\/de\/wp-json\/wp\/v2\/pages\/3588","targetHints":{"allow":["GET"]}}],"collection":[{"href":"https:\/\/www.marceljousse.com\/de\/wp-json\/wp\/v2\/pages"}],"about":[{"href":"https:\/\/www.marceljousse.com\/de\/wp-json\/wp\/v2\/types\/page"}],"author":[{"embeddable":true,"href":"https:\/\/www.marceljousse.com\/de\/wp-json\/wp\/v2\/users\/2"}],"replies":[{"embeddable":true,"href":"https:\/\/www.marceljousse.com\/de\/wp-json\/wp\/v2\/comments?post=3588"}],"version-history":[{"count":0,"href":"https:\/\/www.marceljousse.com\/de\/wp-json\/wp\/v2\/pages\/3588\/revisions"}],"wp:attachment":[{"href":"https:\/\/www.marceljousse.com\/de\/wp-json\/wp\/v2\/media?parent=3588"}],"curies":[{"name":"wp","href":"https:\/\/api.w.org\/{rel}","templated":true}]}}