{"id":3587,"date":"2015-12-06T22:41:22","date_gmt":"2015-12-06T21:41:22","guid":{"rendered":"https:\/\/www.marceljousse.com\/MAJ-2024\/bienvenidos\/"},"modified":"2015-12-06T22:41:22","modified_gmt":"2015-12-06T21:41:22","slug":"bienvenidos","status":"publish","type":"page","link":"https:\/\/www.marceljousse.com\/es\/","title":{"rendered":"Bienvenidos"},"content":{"rendered":"<p><span id=\"result_box\" class=\"\" lang=\"es\"><span class=\"\">Marcel<\/span> <span class=\"\">Jousse<\/span> trabaj\u00f3 c<span class=\"\">omo antrop\u00f3logo\u00a0<\/span> para que cada <span class=\"\">ser humano<\/span><span class=\"\"> pueda tener una<\/span> mejor comprensi\u00f3n de s\u00ed mismo.<\/span><\/p>\n<p><span id=\"result_box\" class=\"\" lang=\"es\"><span class=\"\">La<\/span> Asociaci\u00f3n Marcel Jousse, fundada en 1968, tiene el siguiente objetivo principal:<br \/>\n\u201cPromover y desarrollar el estudio y la fiel difusi\u00f3n del pensamiento del profesor Marcel Jousse, mediante la divulgaci\u00f3n de sus investigaciones y <\/span><span id=\"result_box\" class=\"\" lang=\"es\">de su extensa obra.\u201d<\/span><\/p>\n<p><span id=\"result_box\" class=\"\" lang=\"es\">Deseamos utilizar este sitio web para propiciar la difusi\u00f3n internacional de la valiosa contribuci\u00f3n que hizo Jousse a la antropolog\u00eda.<\/span><\/p>\n<p><span id=\"result_box\" class=\"\" lang=\"es\">Son bienvenidos los voluntarios que quieran traducir<\/span><span id=\"result_box\" class=\"\" lang=\"es\"> al <span class=\"\">espa\u00f1ol art\u00edculos publicados, originalmente en franc\u00e9s, en\u00a0<\/span><\/span><span id=\"result_box\" class=\"\" lang=\"es\">la p\u00e1gina de la Asociaci\u00f3n. Ser\u00e1n tambi\u00e9n bienvenidas<\/span><span id=\"result_box\" class=\"\" lang=\"es\"> las contribuciones originales en <span id=\"result_box\" class=\"\" lang=\"es\"><span class=\"\">espa\u00f1ol<\/span><\/span> basadas en la ense\u00f1anza de Jousse.<\/span><\/p>\n<p><span id=\"result_box\" class=\"\" lang=\"es\">Gabriel Bourdin,<\/span><span id=\"result_box\" class=\"\" lang=\"es\"><span class=\"\"> quien actualmente est\u00e1<\/span> traduciendo al espa\u00f1ol una obra de <span class=\"\">Jousse<\/span>, puede compartir sus experiencias, y ayudar tambi\u00e9n con la adaptaci\u00f3n de los t\u00e9rminos t\u00e9cnicos introducidos por Jousse.<\/span><\/p>\n<p><span id=\"result_box\" class=\"\" lang=\"es\">Thomas Marshall<\/span><\/p>\n<p><span id=\"result_box\" class=\"\" lang=\"es\">Asociaci\u00f3n<\/span><span id=\"result_box\" class=\"\" lang=\"es\"> Marcel Jousse<br \/>\n<\/span><\/p>\n<p><span id=\"result_box\" class=\"\" lang=\"es\"><span class=\"\">por favor contactar<\/span><\/span> :\u00a0 webmaster \/arobase\/ marceljousse.com<\/p>\n<p><a href=\"https:\/\/www.marceljousse.com\/MAJ-2024\/wp-content\/uploads\/2015\/12\/LOGO-MARCEL-JOUSSE3-300x111.png\"><img loading=\"lazy\" decoding=\"async\" class=\"aligncenter wp-image-8 size-medium\" src=\"https:\/\/www.marceljousse.com\/MAJ-2024\/wp-content\/uploads\/2015\/12\/LOGO-MARCEL-JOUSSE3-300x111.png\" alt=\"LOGO-MARCEL-JOUSSE3\" width=\"300\" height=\"111\" srcset=\"https:\/\/www.marceljousse.com\/wp-content\/uploads\/2015\/12\/LOGO-MARCEL-JOUSSE3-300x111.png 300w, https:\/\/www.marceljousse.com\/wp-content\/uploads\/2015\/12\/LOGO-MARCEL-JOUSSE3-1024x377.png 1024w\" sizes=\"auto, (max-width: 300px) 100vw, 300px\" \/><\/a><\/p>\n<h3><span id=\"result_box\" class=\"\" lang=\"es\"><span class=\"hps\">Nuevo<\/span> <span class=\"hps\">para la difusi\u00f3n de<\/span> <span class=\"hps\">la obra de Marcel<\/span> <span class=\"hps\">Jousse<\/span> <span class=\"hps\">en<\/span> <span class=\"hps\">espa\u00f1ol<\/span><\/span> :<\/h3>\n<p><img loading=\"lazy\" decoding=\"async\" class=\"aligncenter size-full wp-image-1209\" src=\"https:\/\/www.marceljousse.com\/MAJ-2024\/wp-content\/uploads\/2021\/03\/Gesto-curso-2021.jpg\" alt=\"\" width=\"2500\" height=\"1309\" srcset=\"https:\/\/www.marceljousse.com\/wp-content\/uploads\/2021\/03\/Gesto-curso-2021.jpg 2500w, https:\/\/www.marceljousse.com\/wp-content\/uploads\/2021\/03\/Gesto-curso-2021-300x157.jpg 300w, https:\/\/www.marceljousse.com\/wp-content\/uploads\/2021\/03\/Gesto-curso-2021-1024x536.jpg 1024w, https:\/\/www.marceljousse.com\/wp-content\/uploads\/2021\/03\/Gesto-curso-2021-768x402.jpg 768w, https:\/\/www.marceljousse.com\/wp-content\/uploads\/2021\/03\/Gesto-curso-2021-600x314.jpg 600w, https:\/\/www.marceljousse.com\/wp-content\/uploads\/2021\/03\/Gesto-curso-2021-1536x804.jpg 1536w, https:\/\/www.marceljousse.com\/wp-content\/uploads\/2021\/03\/Gesto-curso-2021-2048x1072.jpg 2048w, https:\/\/www.marceljousse.com\/wp-content\/uploads\/2021\/03\/Gesto-curso-2021-900x471.jpg 900w, https:\/\/www.marceljousse.com\/wp-content\/uploads\/2021\/03\/Gesto-curso-2021-1280x670.jpg 1280w, https:\/\/www.marceljousse.com\/wp-content\/uploads\/2021\/03\/Gesto-curso-2021-1320x691.jpg 1320w\" sizes=\"auto, (max-width: 2500px) 100vw, 2500px\" \/><\/p>\n<p>&nbsp;<\/p>\n<ul>\n<li id=\"channel-title-container\" class=\"style-scope ytd-c4-tabbed-header-renderer\">\n<h3><a href=\"https:\/\/www.youtube.com\/channel\/UCWBbHcMbYXsrVlnRxl99SSw\"><span id=\"channel-title\" class=\"style-scope ytd-c4-tabbed-header-renderer\">Curso de Antropolog\u00eda Jousseana<\/span> (2018) : You Tube<\/a><\/h3>\n<\/li>\n<\/ul>\n<p><iframe loading=\"lazy\" title=\"Antropolog\u00eda Jousseana, 9 de febrero 2018\" width=\"629\" height=\"472\" src=\"https:\/\/www.youtube.com\/embed\/Zi_KsN7UtR0?feature=oembed\" frameborder=\"0\" allow=\"accelerometer; autoplay; clipboard-write; encrypted-media; gyroscope; picture-in-picture; web-share\" referrerpolicy=\"strict-origin-when-cross-origin\" allowfullscreen><\/iframe><\/p>\n<p class=\"title style-scope ytd-video-primary-info-renderer\"><a href=\"https:\/\/www.youtube.com\/watch?v=aQFxbSxjtx8\">16 de febrero 2018<\/a> \/ <a href=\"https:\/\/www.youtube.com\/watch?v=X2lFaI2-cog\">23 de febrero 2018<\/a> \/\u00a0<a href=\"https:\/\/www.youtube.com\/watch?v=2fQTQyP8Vm0\">2 de marzo 2018<\/a> \/ <a href=\"https:\/\/www.youtube.com\/watch?v=GTXT-UPG1n8\">16 de marzo 2018<\/a> \/ <a href=\"https:\/\/www.youtube.com\/watch?v=8627a_7MxrM\">6 de abril 2018<\/a> \/\u00a0<a href=\"https:\/\/www.youtube.com\/watch?v=uBmyv7PFh98\">4 de mayo 2018<\/a> \/ <a href=\"https:\/\/www.youtube.com\/watch?v=9-Yy7oi5ce8\">11 de mayo 2018<\/a> \/ <a href=\"https:\/\/www.youtube.com\/watch?v=QTyG7jVBFpQ\">31 de agosto 2018<\/a><\/p>\n<ul>\n<li>\n<h3><a href=\"http:\/\/pelicano.ucc.edu.ar\/ojs\/index.php\/pel\/article\/view\/38\/\" target=\"_blank\" rel=\"noopener noreferrer\">Marcel Jousse y la antropolog\u00eda del gesto<\/a><\/h3>\n<\/li>\n<\/ul>\n<div id=\"articleAbstract\">\n<p><em>Gabriel Luis Bourdin &#8211; Pel\u00edcano, Revista de la Facultad de Filosoph\u00eda y Humanidades (Universidad Cat\u00f3lica de C\u00f3rdoba &#8211; Argentina)<br \/>\n<\/em><\/p>\n<div>\n<p><strong>Resumen<\/strong><\/p>\n<p>La obra de Marcel Jousse, jesuita, antrop\u00f3logo y ling\u00fcista franc\u00e9s (1886-1961), es una de las m\u00e1s trascendentes y singulares creaciones del pensamiento antropol\u00f3gico del siglo XX y es, curiosamente, una de las menos conocidas por el lector especializado en temas de antropolog\u00eda y ciencias del lenguaje, sin mencionar a un p\u00fablico m\u00e1s general. El objetivo de esta presentaci\u00f3n es testimoniar la perenne vigencia de <em>la nueva ciencia del<\/em> <em>gesto y del mimismo<\/em> inaugurada por Jousse, en la primera mitad del siglo XX. <em>L\u2019anthropologie du geste<\/em> es la obra que compendia el pensamiento y las investigaciones de Jousse. Fue compuesta partiendo de un proyecto de sistematizaci\u00f3n de su ense\u00f1anza cient\u00edfica, que es principalmente oral. Se incorporaron a esa s\u00edntesis varias de sus <em>memorias<\/em>, publicadas inicialmente en forma separada. El presente art\u00edculo hace referencia a otra fuente principal para el estudio de la obra de Jousse, que son los llamados Cursos orales, impartidos por Jousse entre 1931 y 1957 en la Sorbona, la Escuela de Antropolog\u00eda y otras importantes casas de altos estudios de Francia, cursos taquigrafiados por profesionales en este tipo de registro y transcriptos posteriormente por G. Baron.<\/p>\n<p><strong>Pel\u00edcano<\/strong>, [S.l.], v. 2, p. 69-81, aug. 2016. ISSN 2469-0775.<\/p>\n<\/div>\n<\/div>\n","protected":false},"excerpt":{"rendered":"<p>Marcel Jousse trabaj\u00f3 como antrop\u00f3logo\u00a0 para que cada ser humano pueda tener una mejor comprensi\u00f3n de s\u00ed mismo. La Asociaci\u00f3n Marcel Jousse, fundada en 1968, tiene el siguiente objetivo principal: \u201cPromover y desarrollar el estudio y la fiel difusi\u00f3n del pensamiento del profesor Marcel Jousse, mediante la divulgaci\u00f3n de sus investigaciones y de su extensa [&hellip;]<\/p>\n","protected":false},"author":2,"featured_media":0,"parent":0,"menu_order":0,"comment_status":"closed","ping_status":"closed","template":"","meta":{"footnotes":""},"class_list":["post-3587","page","type-page","status-publish","hentry"],"_links":{"self":[{"href":"https:\/\/www.marceljousse.com\/es\/wp-json\/wp\/v2\/pages\/3587","targetHints":{"allow":["GET"]}}],"collection":[{"href":"https:\/\/www.marceljousse.com\/es\/wp-json\/wp\/v2\/pages"}],"about":[{"href":"https:\/\/www.marceljousse.com\/es\/wp-json\/wp\/v2\/types\/page"}],"author":[{"embeddable":true,"href":"https:\/\/www.marceljousse.com\/es\/wp-json\/wp\/v2\/users\/2"}],"replies":[{"embeddable":true,"href":"https:\/\/www.marceljousse.com\/es\/wp-json\/wp\/v2\/comments?post=3587"}],"version-history":[{"count":0,"href":"https:\/\/www.marceljousse.com\/es\/wp-json\/wp\/v2\/pages\/3587\/revisions"}],"wp:attachment":[{"href":"https:\/\/www.marceljousse.com\/es\/wp-json\/wp\/v2\/media?parent=3587"}],"curies":[{"name":"wp","href":"https:\/\/api.w.org\/{rel}","templated":true}]}}