{"id":3594,"date":"2015-12-22T12:09:39","date_gmt":"2015-12-22T11:09:39","guid":{"rendered":"https:\/\/www.marceljousse.com\/MAJ-2024\/quien-es-jousse\/"},"modified":"2015-12-22T12:09:39","modified_gmt":"2015-12-22T11:09:39","slug":"quien-es-jousse","status":"publish","type":"page","link":"https:\/\/www.marceljousse.com\/es\/quien-es-jousse\/","title":{"rendered":"\u00bfQui\u00e9n es Jousse?"},"content":{"rendered":"<p><strong>El esquema de esta secci\u00f3n:<\/strong><\/p>\n<h2><a href=\"http:\/\/www.marceljousse.com\/qui-est-marcel-jousse\/une-courte-biographie\/\">Una breve biograf\u00eda<\/a><\/h2>\n<h2><a href=\"http:\/\/www.marceljousse.com\/qui-est-marcel-jousse\/photos\/\">Fotos<\/a><\/h2>\n<p>El profesor Marcel Jousse naci\u00f3 en <a href=\"https:\/\/fr.wikipedia.org\/wiki\/Beaumont-sur-Sarthe\" target=\"_blank\" rel=\"noopener\">Beaumont-sur-Sarthe<\/a> el 28 de julio de 1886 en un entorno campesino, mayoritariamente analfabeto.<\/p>\n","protected":false},"excerpt":{"rendered":"<p>El esquema de esta secci\u00f3n: Una breve biograf\u00eda Fotos El profesor Marcel Jousse naci\u00f3 en Beaumont-sur-Sarthe el 28 de julio de 1886 en un entorno campesino, mayoritariamente analfabeto.<\/p>\n","protected":false},"author":2,"featured_media":0,"parent":0,"menu_order":0,"comment_status":"closed","ping_status":"closed","template":"","meta":{"footnotes":""},"class_list":["post-3594","page","type-page","status-publish","hentry"],"_links":{"self":[{"href":"https:\/\/www.marceljousse.com\/es\/wp-json\/wp\/v2\/pages\/3594","targetHints":{"allow":["GET"]}}],"collection":[{"href":"https:\/\/www.marceljousse.com\/es\/wp-json\/wp\/v2\/pages"}],"about":[{"href":"https:\/\/www.marceljousse.com\/es\/wp-json\/wp\/v2\/types\/page"}],"author":[{"embeddable":true,"href":"https:\/\/www.marceljousse.com\/es\/wp-json\/wp\/v2\/users\/2"}],"replies":[{"embeddable":true,"href":"https:\/\/www.marceljousse.com\/es\/wp-json\/wp\/v2\/comments?post=3594"}],"version-history":[{"count":0,"href":"https:\/\/www.marceljousse.com\/es\/wp-json\/wp\/v2\/pages\/3594\/revisions"}],"wp:attachment":[{"href":"https:\/\/www.marceljousse.com\/es\/wp-json\/wp\/v2\/media?parent=3594"}],"curies":[{"name":"wp","href":"https:\/\/api.w.org\/{rel}","templated":true}]}}