{"id":3639,"date":"2015-12-22T14:16:39","date_gmt":"2015-12-22T13:16:39","guid":{"rendered":"https:\/\/www.marceljousse.com\/MAJ-2024\/que-descubrimientos\/"},"modified":"2015-12-22T14:16:39","modified_gmt":"2015-12-22T13:16:39","slug":"que-descubrimientos","status":"publish","type":"page","link":"https:\/\/www.marceljousse.com\/es\/que-descubrimientos\/","title":{"rendered":"\u00bfQu\u00e9 descubrimientos?"},"content":{"rendered":"<table style=\"height: 20px;\" width=\"20%\" cellspacing=\"0\" cellpadding=\"0\">\n<tbody>\n<tr valign=\"top\">\n<td style=\"border: none; padding: 0cm;\" width=\"5px\">\n<p align=\"left\"><span style=\"color: #000080;\"><a href=\"http:\/\/www.marceljousse.com\/professeur-oeuvre\/heritage-intellectuel\/\"><span style=\"color: #000080;\"><img decoding=\"async\" src=\"https:\/\/www.marceljousse.com\/MAJ-2024\/wp-content\/uploads\/2016\/01\/fl\u00e8che-retour.png\" alt=\"fl\u00e8che retour\" width=\"20px\" height=\"20px\" name=\"Image2\" align=\"middle\" border=\"1\" \/><\/span><\/a><br \/>\n<\/span><\/p>\n<\/td>\n<td style=\"border: none; padding: 0cm;\" width=\"15px\"><em><a href=\"https:\/\/www.marceljousse.com\/es\/professeur-oeuvre\/\"><span style=\"font-size: large;\">El profesor en el trabajo<\/span><\/a><\/em><\/td>\n<\/tr>\n<\/tbody>\n<\/table>\n<pre>Advertencia: Esta p\u00e1gina ha sido traducida por una m\u00e1quina. Es muy posible que algunos t\u00e9rminos sean inadecuados, especialmente cuando son neologismos de Jousse. No dude en ponerse en contacto con el webmaster de este sitio para informar de sus observaciones y posiblemente participar en la correcci\u00f3n de las traducciones. Gracias.<\/pre>\n<p><strong>Jousse se consideraba un iniciador. Su frescura de pensamiento le permiti\u00f3 aportar soluciones, y m\u00e1s a\u00fan una metodolog\u00eda para resolverlas, ante problemas cient\u00edficos que parec\u00edan insolubles. Pero lo que descubri\u00f3 para s\u00ed mismo s\u00f3lo tiene sentido si otros investigadores prueban y desarrollan estos descubrimientos, en sus propios campos de especializaci\u00f3n.<\/strong><\/p>\n<p><strong>Una nueva epistemolog\u00eda para las humanidades<\/strong><\/p>\n<p>La contribuci\u00f3n de Marcel Jousse debe situarse ante todo en los fundamentos de las ciencias humanas y sociales. Propone una epistemolog\u00eda original, es decir, una respuesta a la pregunta: &#8220;\u00bfQu\u00e9 podemos saber del Hombre? Lo \u00fanico que podemos observar en nosotros mismos y en los dem\u00e1s son los &#8220;gestos&#8221;. Este t\u00e9rmino se extiende desde su significado habitual a todos los fen\u00f3menos que se producen en un ser humano vivo, y que est\u00e1n en posibilidad de una conciencia. Es dif\u00edcil apreciar las implicaciones de este cambio de perspectiva, tan impregnados estamos de las palabras heredadas del dualismo mente\/cuerpo.<\/p>\n<p>Una v\u00eda de investigaci\u00f3n que hay que explorar es vincular la obra de Jousse, siguiendo a su maestro Pierre Janet y su &#8220;psicolog\u00eda de la conducta&#8221;, con lo que se ha llamado &#8220;convencionalismo&#8221; del matem\u00e1tico Poincar\u00e9, o &#8220;instrumentalismo&#8221; del f\u00edsico Pierre Duhem.<\/p>\n<p><strong>Imitaci\u00f3n humana<\/strong><\/p>\n<p>Una consecuencia de esta postura es <a href=\"http:\/\/www.marceljousse.com\/quest-ce-qu-une-loi-scientifique\/\">buscar leyes<\/a>, no para describir la realidad en su verdad, sino para acercarnos a ella, enlazando nuestras observaciones de forma coherente. afirma Jousse el 8\/01\/1942 durante una conferencia en la Sorbona:<\/p>\n<blockquote><p>El gran matem\u00e1tico franc\u00e9s Henri Poincar\u00e9 escribi\u00f3 esta frase:<br \/>\n&#8220;Si las verdaderas leyes que rigen el universo nos fueran reveladas,<br \/>\nnos sorprender\u00eda su sencillez.<br \/>\nCuando Poincar\u00e9 escribi\u00f3 esta frase, se refer\u00eda a la mec\u00e1nica celeste.<br \/>\nEsta frase la podemos aplicar con m\u00e1s raz\u00f3n a la mec\u00e1nica humana.<\/p><\/blockquote>\n<p>Aqu\u00ed est\u00e1 pensando particularmente en la ley del &#8220;mimetismo humano&#8221;, vislumbrada por Arist\u00f3teles en <em>La Po\u00e9tica<\/em> bajo el t\u00e9rmino &#8220;mimesis&#8221;. Jousse lo convierte en la piedra angular de toda su obra.<\/p>\n<p>Edgard Sienaert, traductor de la obra de Jousse al ingl\u00e9s, ha profundizado en este enfoque central componiendo una colecci\u00f3n ordenada de extractos de cursos titulada: &#8220;Al principio era la m\u00edmica &#8211; Un intento de lectura global de los cursos de Marcel Jousse&#8221;.<\/p>\n<p><strong>Una metodolog\u00eda con m\u00faltiples aplicaciones<\/strong><\/p>\n<p>Para Jousse, la actividad cient\u00edfica presupone una fuerte individualidad, y tambi\u00e9n el trabajo en equipo. Por eso no duda en destacar a quienes ampl\u00edan sus descubrimientos.<\/p>\n<p>Diez a\u00f1os despu\u00e9s de la publicaci\u00f3n del &#8220;Estilo oral&#8221;, Jousse hace un balance de los trabajos realizados en diversos \u00e1mbitos: estudios b\u00edblicos, hom\u00e9ricos, literarios, psiqui\u00e1tricos, psicol\u00f3gicos y pedag\u00f3gicos.<\/p>\n<p><a href=\"https:\/\/www.marceljousse.com\/MAJ-2024\/wp-content\/uploads\/2015\/12\/1.-bilan-en-1934.pdf\">Extracto del curso en pdf para descargar<\/a> (6 p\u00e1ginas)<\/p>\n<p>Entre el abanico de posibles investigaciones antropol\u00f3gicas, Jousse se especializ\u00f3 en el estudio de los or\u00edgenes arameos del cristianismo. En una conferencia de 1943 titulada &#8220;<em>La antropolog\u00eda francesa y sus descubrimientos<\/em>&#8220;, Jousse presenta brillantemente sus principales aportaciones, en torno a temas muy pol\u00e9micos en la \u00e9poca.<\/p>\n<p><a href=\"https:\/\/www.marceljousse.com\/MAJ-2024\/wp-content\/uploads\/2015\/12\/2.-decouvertes-anthropologie-1943.pdf\">Extracto del curso en pdf para descargar<\/a> (36 p\u00e1ginas)<\/p>\n<p><strong>\u00bfQu\u00e9 es un descubridor?<\/strong><\/p>\n<p>Entre los creadores, Jousse distingue entre inventores y descubridores (durante una conferencia en la Escuela de Antropolog\u00eda, 30\/11\/1936):<\/p>\n<blockquote><p>Esos son extremadamente raros. Es que el Descubridor tuvo que silenciar todo lo que le ense\u00f1aron para afinar en los gestos mismos de lo Real durante treinta, cuarenta, cincuenta a\u00f1os. Se trata de algo tan extraordinariamente raro que s\u00f3lo se puede encontrar una o dos veces por siglo, dos a lo sumo. Estos hombres se llaman Cop\u00e9rnico, estos hombres se llaman Pasteur. Ah, es que es m\u00e1s f\u00e1cil inventar combinando lo Real, que descubrir lo Real que a\u00fan no se ha visto en sus elementos primarios.<\/p><\/blockquote>\n","protected":false},"excerpt":{"rendered":"<p>El profesor en el trabajo Advertencia: Esta p\u00e1gina ha sido traducida por una m\u00e1quina. Es muy posible que algunos t\u00e9rminos sean inadecuados, especialmente cuando son neologismos de Jousse. No dude en ponerse en contacto con el webmaster de este sitio para informar de sus observaciones y posiblemente participar en la correcci\u00f3n de las traducciones. Gracias. [&hellip;]<\/p>\n","protected":false},"author":2,"featured_media":0,"parent":0,"menu_order":4,"comment_status":"closed","ping_status":"closed","template":"","meta":{"footnotes":""},"class_list":["post-3639","page","type-page","status-publish","hentry"],"_links":{"self":[{"href":"https:\/\/www.marceljousse.com\/es\/wp-json\/wp\/v2\/pages\/3639","targetHints":{"allow":["GET"]}}],"collection":[{"href":"https:\/\/www.marceljousse.com\/es\/wp-json\/wp\/v2\/pages"}],"about":[{"href":"https:\/\/www.marceljousse.com\/es\/wp-json\/wp\/v2\/types\/page"}],"author":[{"embeddable":true,"href":"https:\/\/www.marceljousse.com\/es\/wp-json\/wp\/v2\/users\/2"}],"replies":[{"embeddable":true,"href":"https:\/\/www.marceljousse.com\/es\/wp-json\/wp\/v2\/comments?post=3639"}],"version-history":[{"count":0,"href":"https:\/\/www.marceljousse.com\/es\/wp-json\/wp\/v2\/pages\/3639\/revisions"}],"wp:attachment":[{"href":"https:\/\/www.marceljousse.com\/es\/wp-json\/wp\/v2\/media?parent=3639"}],"curies":[{"name":"wp","href":"https:\/\/api.w.org\/{rel}","templated":true}]}}