{"id":3688,"date":"2017-02-21T23:23:13","date_gmt":"2017-02-21T22:23:13","guid":{"rendered":"https:\/\/www.marceljousse.com\/MAJ-2024\/su-trayectoria-de-investigacion\/"},"modified":"2017-02-21T23:23:13","modified_gmt":"2017-02-21T22:23:13","slug":"su-trayectoria-de-investigacion","status":"publish","type":"page","link":"https:\/\/www.marceljousse.com\/es\/su-trayectoria-de-investigacion\/","title":{"rendered":"Su trayectoria de investigaci\u00f3n"},"content":{"rendered":"<p><strong>Marcel Jousse ense\u00f1\u00f3 mucho pero escribi\u00f3 poco.<\/strong><br \/>\n<strong>Por sus or\u00edgenes y por convicci\u00f3n, sigui\u00f3 siendo un &#8220;hombre de la palabra&#8221;.<\/strong><\/p>\n<p><a href=\"https:\/\/www.marceljousse.com\/MAJ-2024\/wp-content\/uploads\/2015\/12\/professeur.png\"><img loading=\"lazy\" decoding=\"async\" class=\"size-full wp-image-85 aligncenter\" src=\"https:\/\/www.marceljousse.com\/MAJ-2024\/wp-content\/uploads\/2015\/12\/professeur.png\" alt=\"professeur\" width=\"392\" height=\"217\" srcset=\"https:\/\/www.marceljousse.com\/wp-content\/uploads\/2015\/12\/professeur.png 392w, https:\/\/www.marceljousse.com\/wp-content\/uploads\/2015\/12\/professeur-300x166.png 300w\" sizes=\"auto, (max-width: 392px) 100vw, 392px\" \/><\/a><\/p>\n<p>En 1925, public\u00f3 un primer estado de sus investigaciones en una memoria titulada &#8220;<em>Le Style Oral Rythmique et Mn\u00e9motechnique chez les verbo-moteurs<\/em>&#8221; (Archives de philosophie, Beauchesne, 1925).<br \/>\nEsta obra sacude los c\u00edrculos literarios; se la conoce como la &#8220;bomba de Jousse&#8221;. Su influencia tambi\u00e9n creci\u00f3 en los c\u00edrculos cient\u00edficos. Pero la guerra de 1940 rompi\u00f3 este impulso.<\/p>\n<p>Durante su vida, s\u00f3lo public\u00f3 una quincena de peque\u00f1as memorias cient\u00edficas.<br \/>\nSin embargo, las conferencias orales que pronunci\u00f3 a lo largo de su vida, unas mil, fueron todas taquigrafiadas directamente.<\/p>\n<p>Al final de su vida, comenz\u00f3 a elaborar la s\u00edntesis de su pensamiento en la que volvi\u00f3 a las grandes leyes del gesto y la memoria: el ritmismo, la m\u00edmica, la bilateralidad y el formulismo.<br \/>\nEn el momento de su muerte, en 1961, hab\u00eda muy poco de su obra a disposici\u00f3n de los investigadores y del p\u00fablico.<br \/>\nPero dej\u00f3 el material y las indicaciones que permitieron a su colaboradora Gabrielle Baron (1896-1986) publicar, p\u00f3stumamente, los tres vol\u00famenes de L&#8217;Anthropologie du Geste (1974), La Manducation de la Parole (1975) y Le Parlant, la Parole et le Souffle (1978). Fueron publicadas por Gallimard, en la colecci\u00f3n &#8220;Voies ouvertes&#8221; dirigida por Jean Sulivan.<\/p>\n<p>Gabrielle Baron mecanografi\u00f3 progresivamente todas las conferencias estenot\u00edpicas y constituy\u00f3 una colecci\u00f3n de 70 vol\u00famenes. Estas 20.000 p\u00e1ginas pueden consultarse en las bibliotecas del Coll\u00e8ge de France, del Institut Catholique de Paris y de las facultades jesuitas del Centro S\u00e8vres, en Par\u00eds.<br \/>\nLa Asociaci\u00f3n Marcel Jousse, en 2003 y 2004, gracias a la ayuda del Conseil G\u00e9n\u00e9ral de la Sarthe, hizo digitalizar todos los cursos mecanografiados. Ya est\u00e1n <a href=\"http:\/\/www.marceljousse.com\/les-cours-de-marcel-jousse-disponibles-en-telechargement\/\" target=\"_blank\" rel=\"noopener\">disponibles para su descarga<\/a>.<\/p>\n<p>De este modo, se ha realizado una gran cantidad de trabajo de forma progresiva. Este trabajo ha permitido dar a conocer hoy la totalidad de las investigaciones del propio Marcel Jousse.<br \/>\nMarcel Jousse explor\u00f3 y comprendi\u00f3 en profundidad el &#8220;compuesto humano&#8221;.<br \/>\nExplic\u00f3 las leyes fundamentales del conocimiento, la memoria y la expresi\u00f3n humana que act\u00faan en muchas civilizaciones. Hoy en d\u00eda, los investigadores est\u00e1n ampliando su trabajo en una amplia variedad de campos.<\/p>\n<p>Sus investigaciones le han llevado a centrarse en la transmisi\u00f3n oral en los c\u00edrculos b\u00edblicos, y m\u00e1s concretamente en la formaci\u00f3n oral de los Evangelios, su transmisi\u00f3n oral y su traducci\u00f3n y escritura.<br \/>\nLa originalidad de Marcel Jousse es que no se qued\u00f3 en el plano te\u00f3rico respecto a estas cuestiones, sino que las hizo accesibles a las personas con &#8220;estilo escrito&#8221;, proponi\u00e9ndoles la pr\u00e1ctica de recitaciones r\u00edtmico-pedag\u00f3gicas del Evangelio.<br \/>\nVarias tendencias actuales de la transmisi\u00f3n oral de la Biblia son herederas de sus investigaciones.<\/p>\n<p>Marcel Jousse pretend\u00eda establecer un v\u00ednculo entre disciplinas a menudo independientes:<br \/>\nantropolog\u00eda, etnolog\u00eda, ling\u00fc\u00edstica, psicolog\u00eda, psiquiatr\u00eda, pedagog\u00eda&#8230;<\/p>\n<blockquote><p>&#8221; <em>Mi ciencia s\u00f3lo puede ser una ciencia de l\u00edneas de puntos&#8230; Pero este tipo de l\u00ednea de puntos<\/em><br \/>\n<em>se convertir\u00e1 poco a poco en una l\u00ednea cada vez m\u00e1s completa, ya que<\/em><br \/>\n<em>multiplicar su propio trabajo<\/em>&#8220;.<\/p>\n<p>(Curso del 27 de noviembre de 1933 en la Escuela de Antropolog\u00eda)<\/p><\/blockquote>\n<p>En cada una de las intervenciones de Marcel Jousse, lo que se destaca es la dimensi\u00f3n multidisciplinar y pr\u00e1ctica. As\u00ed, los programas anuales de todas sus conferencias en la Sorbona y en la Escuela de Antropolog\u00eda llevan las palabras :<\/p>\n<blockquote><p>&#8221; El trabajo antropol\u00f3gico de M. Marcel Jousse pretende buscar una conexi\u00f3n entre las disciplinas psicol\u00f3gica, etnol\u00f3gica y pedag\u00f3gica. &#8220;<\/p><\/blockquote>\n<p>Para Marcel Jousse, el hombre es gesto y memoria.<br \/>\nDesde el despertar del ni\u00f1o en el pecho de su madre, el ser humano crece mejor si no se disocian el esp\u00edritu y el cuerpo, la psicolog\u00eda y la fisiolog\u00eda, el ritmo y la memoria, el gesto y la inteligencia.<\/p>\n<blockquote><p>&#8221; B\u00e1sicamente, siempre he sido el antrop\u00f3logo del Gesto Global y del ritmo vivo.<br \/>\nSi tengo un recuerdo desconcertante, es porque en mi juventud siempre iba al ritmo de lo que aprend\u00eda. &#8220;<\/p><\/blockquote>\n","protected":false},"excerpt":{"rendered":"<p>Marcel Jousse ense\u00f1\u00f3 mucho pero escribi\u00f3 poco. Por sus or\u00edgenes y por convicci\u00f3n, sigui\u00f3 siendo un &#8220;hombre de la palabra&#8221;. En 1925, public\u00f3 un primer estado de sus investigaciones en una memoria titulada &#8220;Le Style Oral Rythmique et Mn\u00e9motechnique chez les verbo-moteurs&#8221; (Archives de philosophie, Beauchesne, 1925). Esta obra sacude los c\u00edrculos literarios; se la [&hellip;]<\/p>\n","protected":false},"author":2,"featured_media":0,"parent":0,"menu_order":0,"comment_status":"closed","ping_status":"closed","template":"","meta":{"footnotes":""},"class_list":["post-3688","page","type-page","status-publish","hentry"],"_links":{"self":[{"href":"https:\/\/www.marceljousse.com\/es\/wp-json\/wp\/v2\/pages\/3688","targetHints":{"allow":["GET"]}}],"collection":[{"href":"https:\/\/www.marceljousse.com\/es\/wp-json\/wp\/v2\/pages"}],"about":[{"href":"https:\/\/www.marceljousse.com\/es\/wp-json\/wp\/v2\/types\/page"}],"author":[{"embeddable":true,"href":"https:\/\/www.marceljousse.com\/es\/wp-json\/wp\/v2\/users\/2"}],"replies":[{"embeddable":true,"href":"https:\/\/www.marceljousse.com\/es\/wp-json\/wp\/v2\/comments?post=3688"}],"version-history":[{"count":0,"href":"https:\/\/www.marceljousse.com\/es\/wp-json\/wp\/v2\/pages\/3688\/revisions"}],"wp:attachment":[{"href":"https:\/\/www.marceljousse.com\/es\/wp-json\/wp\/v2\/media?parent=3688"}],"curies":[{"name":"wp","href":"https:\/\/api.w.org\/{rel}","templated":true}]}}