{"id":4000,"date":"2015-12-06T22:41:22","date_gmt":"2015-12-06T21:41:22","guid":{"rendered":"https:\/\/www.marceljousse.com\/MAJ-2024\/?page_id=4000"},"modified":"2024-04-28T10:31:31","modified_gmt":"2024-04-28T09:31:31","slug":"bem-vinda","status":"publish","type":"page","link":"https:\/\/www.marceljousse.com\/pt-br\/","title":{"rendered":"Bem vinda"},"content":{"rendered":"<h4><span id=\"result_box\" class=\"\" lang=\"pt\"><span class=\"\">O antrop\u00f3logo<\/span> Marcel Jousse estava trabalhando para cada ser humano <span class=\"\">interessado em<\/span> uma melhor compreens\u00e3o de si mesmo e dos outros.<\/span><\/h4>\n<h4><span id=\"result_box\" class=\"\" lang=\"pt\"><span class=\"\">O<\/span> Marcel Jousse Association, fundada inicialmente em 1968, tem o seguinte objetivo principal :<br \/>\n&#8220;Para promover e desenvolver o estudo ea difus\u00e3o fiel do pensamento do Professor Marcel Jousse, atrav\u00e9s do conhecimento de sua pesquisa ea busca de suas obras&#8221;<\/span><\/h4>\n<h4><span id=\"result_box\" class=\"\" lang=\"pt\">Gostar\u00edamos de usar este site para ajudar uma difus\u00e3o internacional da maior contribui\u00e7\u00e3o de Jousse \u00e0 antropologia.<\/span><\/h4>\n<h4><span class=\"\" lang=\"pt\">Estamos \u00e0 procura de volunt\u00e1rios para traduzir ou adaptar as p\u00e1ginas de Franc\u00eas para Portugu\u00eas.<br \/>\nContribui\u00e7\u00f5es originais em Portugu\u00eas tamb\u00e9m ser\u00e3o muito bem vindos.<\/span><\/h4>\n<h4>Para a placa Marcel Jousse associa\u00e7\u00e3o, Thomas<\/h4>\n<h4><span id=\"result_box\" class=\"\" lang=\"pt\">Sinta-se livre para contactar-nos: webmaster \/ at \/ marceljousse.com<\/span><\/h4>\n<p><a href=\"https:\/\/www.marceljousse.com\/MAJ-2024\/wp-content\/uploads\/2015\/12\/LOGO-MARCEL-JOUSSE3-300x111.png\"><img loading=\"lazy\" decoding=\"async\" class=\"aligncenter wp-image-8 size-medium\" src=\"https:\/\/www.marceljousse.com\/MAJ-2024\/wp-content\/uploads\/2015\/12\/LOGO-MARCEL-JOUSSE3-300x111.png\" alt=\"LOGO-MARCEL-JOUSSE3\" width=\"300\" height=\"111\" srcset=\"https:\/\/www.marceljousse.com\/wp-content\/uploads\/2015\/12\/LOGO-MARCEL-JOUSSE3-300x111.png 300w, https:\/\/www.marceljousse.com\/wp-content\/uploads\/2015\/12\/LOGO-MARCEL-JOUSSE3-1024x377.png 1024w\" sizes=\"auto, (max-width: 300px) 100vw, 300px\" \/><\/a><\/p>\n","protected":false},"excerpt":{"rendered":"<p>O antrop\u00f3logo Marcel Jousse estava trabalhando para cada ser humano interessado em uma melhor compreens\u00e3o de si mesmo e dos outros. O Marcel Jousse Association, fundada inicialmente em 1968, tem o seguinte objetivo principal : &#8220;Para promover e desenvolver o estudo ea difus\u00e3o fiel do pensamento do Professor Marcel Jousse, atrav\u00e9s do conhecimento de sua [&hellip;]<\/p>\n","protected":false},"author":2,"featured_media":0,"parent":0,"menu_order":0,"comment_status":"closed","ping_status":"closed","template":"","meta":{"footnotes":""},"class_list":["post-4000","page","type-page","status-publish","hentry"],"_links":{"self":[{"href":"https:\/\/www.marceljousse.com\/pt-br\/wp-json\/wp\/v2\/pages\/4000","targetHints":{"allow":["GET"]}}],"collection":[{"href":"https:\/\/www.marceljousse.com\/pt-br\/wp-json\/wp\/v2\/pages"}],"about":[{"href":"https:\/\/www.marceljousse.com\/pt-br\/wp-json\/wp\/v2\/types\/page"}],"author":[{"embeddable":true,"href":"https:\/\/www.marceljousse.com\/pt-br\/wp-json\/wp\/v2\/users\/2"}],"replies":[{"embeddable":true,"href":"https:\/\/www.marceljousse.com\/pt-br\/wp-json\/wp\/v2\/comments?post=4000"}],"version-history":[{"count":1,"href":"https:\/\/www.marceljousse.com\/pt-br\/wp-json\/wp\/v2\/pages\/4000\/revisions"}],"predecessor-version":[{"id":4001,"href":"https:\/\/www.marceljousse.com\/pt-br\/wp-json\/wp\/v2\/pages\/4000\/revisions\/4001"}],"wp:attachment":[{"href":"https:\/\/www.marceljousse.com\/pt-br\/wp-json\/wp\/v2\/media?parent=4000"}],"curies":[{"name":"wp","href":"https:\/\/api.w.org\/{rel}","templated":true}]}}