{"id":4018,"date":"2018-07-15T16:37:13","date_gmt":"2018-07-15T15:37:13","guid":{"rendered":"https:\/\/www.marceljousse.com\/MAJ-2024\/?page_id=4018"},"modified":"2024-04-28T10:47:25","modified_gmt":"2024-04-28T09:47:25","slug":"politica-de-privacidade","status":"publish","type":"page","link":"https:\/\/www.marceljousse.com\/pt-br\/politica-de-privacidade\/","title":{"rendered":"Pol\u00edtica de privacidade"},"content":{"rendered":"<h2>Quem somos<\/h2>\n<p>O endere\u00e7o de nosso site \u00e9: http:\/\/www.marceljousse.com.<\/p>\n<h2>Uso dos dados pessoais coletados<\/h2>\n<h3>Coment\u00e1rios<\/h3>\n<p>Quando voc\u00ea deixa um coment\u00e1rio em nosso site, os dados inseridos no formul\u00e1rio de coment\u00e1rio, mas tamb\u00e9m seu endere\u00e7o IP e o agente do usu\u00e1rio do navegador s\u00e3o coletados para nos ajudar a detectar coment\u00e1rios indesej\u00e1veis.<\/p>\n<p>Uma cadeia an\u00f4nima criada a partir do seu endere\u00e7o de e-mail (tamb\u00e9m conhecida como hash) pode ser enviada ao servi\u00e7o Gravatar para verificar se voc\u00ea o est\u00e1 usando. As cl\u00e1usulas de confidencialidade do servi\u00e7o Gravatar est\u00e3o dispon\u00edveis aqui: https:\/\/automattic.com\/privacy\/. Depois que seu coment\u00e1rio for validado, sua foto de perfil ficar\u00e1 vis\u00edvel publicamente junto com seu coment\u00e1rio.<\/p>\n<h3>M\u00eddia<\/h3>\n<p>Se voc\u00ea for um usu\u00e1rio registrado e fizer upload de imagens para o site, recomendamos que evite fazer upload de imagens que contenham dados EXIF de coordenadas de GPS. Os visitantes do seu site podem fazer download e extrair dados de localiza\u00e7\u00e3o dessas imagens.<\/p>\n<h3>Formul\u00e1rios de contato<\/h3>\n<h3>Cookies<\/h3>\n<p>Se voc\u00ea deixar um coment\u00e1rio em nosso site, ser\u00e1 solicitado que voc\u00ea salve seu nome, endere\u00e7o de e-mail e site nos cookies. Isso \u00e9 apenas para sua conveni\u00eancia, para que voc\u00ea n\u00e3o precise inserir essas informa\u00e7\u00f5es se postar outro coment\u00e1rio posteriormente. Esses cookies expiram ap\u00f3s um ano.<\/p>\n<p>Se voc\u00ea tiver uma conta e fizer login neste site, ser\u00e1 criado um cookie tempor\u00e1rio para determinar se o seu navegador aceita cookies. Ele n\u00e3o cont\u00e9m nenhum dado pessoal e ser\u00e1 exclu\u00eddo automaticamente quando voc\u00ea fechar o navegador.<\/p>\n<p>Ao fazer logon, definiremos um determinado n\u00famero de cookies para registrar suas informa\u00e7\u00f5es de conex\u00e3o e prefer\u00eancias de tela. A vida \u00fatil de um cookie de conex\u00e3o \u00e9 de dois dias e a de um cookie de op\u00e7\u00e3o de tela \u00e9 de um ano. Se voc\u00ea marcar a op\u00e7\u00e3o \u201cRemember me\u201d, o cookie de conex\u00e3o ser\u00e1 mantido por quinze dias. Se voc\u00ea sair da sua conta, o cookie de conex\u00e3o ser\u00e1 exclu\u00eddo.<\/p>\n<p>Ao modificar ou publicar um artigo, um cookie adicional ser\u00e1 armazenado em seu navegador. Esse cookie n\u00e3o cont\u00e9m nenhum dado pessoal. Ele simplesmente indica o identificador do artigo que voc\u00ea acabou de modificar. Ele expira ap\u00f3s um dia.<\/p>\n<h3>Conte\u00fado incorporado de outros sites<\/h3>\n<p>Os artigos deste site podem incluir conte\u00fado incorporado (por exemplo, v\u00eddeos, imagens, artigos etc.). O conte\u00fado incorporado de outros sites se comporta da mesma forma como se o visitante tivesse acessado esse outro site.<\/p>\n<p>Esses sites podem coletar dados sobre voc\u00ea, usar cookies, incorporar ferramentas de rastreamento de terceiros e rastrear suas intera\u00e7\u00f5es com esse conte\u00fado incorporado se voc\u00ea tiver uma conta conectada no site deles.<\/p>\n<h3>Estat\u00edsticas e medi\u00e7\u00e3o de p\u00fablico<\/h3>\n<h2>Uso e transmiss\u00e3o de seus dados pessoais<\/h2>\n<h2>Per\u00edodos de armazenamento de seus dados<\/h2>\n<p>Se voc\u00ea deixar um coment\u00e1rio, o coment\u00e1rio e seus metadados ser\u00e3o armazenados indefinidamente. Isso permite reconhecer e aprovar automaticamente os coment\u00e1rios subsequentes, em vez de deix\u00e1-los na fila de modera\u00e7\u00e3o.<\/p>\n<p>Para os usu\u00e1rios que se registram em nosso site (quando poss\u00edvel), tamb\u00e9m armazenamos os dados pessoais indicados em seu perfil. Todos os usu\u00e1rios podem visualizar, modificar ou excluir suas informa\u00e7\u00f5es pessoais a qualquer momento (com exce\u00e7\u00e3o do nome de usu\u00e1rio). Os gerentes do site tamb\u00e9m podem visualizar e modificar essas informa\u00e7\u00f5es.<\/p>\n<h2>Os direitos que voc\u00ea tem sobre seus dados<\/h2>\n<p>Se voc\u00ea tiver uma conta ou se tiver deixado coment\u00e1rios no site, poder\u00e1 solicitar o recebimento de um arquivo contendo todos os dados pessoais que mantemos sobre voc\u00ea, inclusive os dados que voc\u00ea nos forneceu. Voc\u00ea tamb\u00e9m pode solicitar a exclus\u00e3o de seus dados pessoais. Isso n\u00e3o inclui dados armazenados para fins administrativos, legais ou de seguran\u00e7a.<\/p>\n<h2>Transmiss\u00e3o de seus dados pessoais<\/h2>\n<p>Os coment\u00e1rios dos visitantes podem ser verificados por meio de um servi\u00e7o automatizado para detectar coment\u00e1rios indesej\u00e1veis.<\/p>\n<h2>Informa\u00e7\u00f5es de contato<\/h2>\n<h2>Mais informa\u00e7\u00f5es<\/h2>\n<h3>Como protegemos seus dados<br \/>\nProcedimentos em caso de vazamento de dados<br \/>\nServi\u00e7os de terceiros que nos enviam dados<br \/>\nOpera\u00e7\u00f5es automatizadas de marketing e\/ou cria\u00e7\u00e3o de perfis realizadas com o uso de dados pessoais<br \/>\nExibi\u00e7\u00e3o de informa\u00e7\u00f5es relacionadas a setores sujeitos a regulamenta\u00e7\u00f5es espec\u00edficas<\/h3>\n<p>Traduzido com a vers\u00e3o gratuita do tradutor &#8211; DeepL.com<\/p>\n","protected":false},"excerpt":{"rendered":"<p>Quem somos O endere\u00e7o de nosso site \u00e9: http:\/\/www.marceljousse.com. Uso dos dados pessoais coletados Coment\u00e1rios Quando voc\u00ea deixa um coment\u00e1rio em nosso site, os dados inseridos no formul\u00e1rio de coment\u00e1rio, mas tamb\u00e9m seu endere\u00e7o IP e o agente do usu\u00e1rio do navegador s\u00e3o coletados para nos ajudar a detectar coment\u00e1rios indesej\u00e1veis. Uma cadeia an\u00f4nima criada [&hellip;]<\/p>\n","protected":false},"author":2,"featured_media":0,"parent":0,"menu_order":0,"comment_status":"closed","ping_status":"closed","template":"","meta":{"footnotes":""},"class_list":["post-4018","page","type-page","status-publish","hentry"],"_links":{"self":[{"href":"https:\/\/www.marceljousse.com\/pt-br\/wp-json\/wp\/v2\/pages\/4018","targetHints":{"allow":["GET"]}}],"collection":[{"href":"https:\/\/www.marceljousse.com\/pt-br\/wp-json\/wp\/v2\/pages"}],"about":[{"href":"https:\/\/www.marceljousse.com\/pt-br\/wp-json\/wp\/v2\/types\/page"}],"author":[{"embeddable":true,"href":"https:\/\/www.marceljousse.com\/pt-br\/wp-json\/wp\/v2\/users\/2"}],"replies":[{"embeddable":true,"href":"https:\/\/www.marceljousse.com\/pt-br\/wp-json\/wp\/v2\/comments?post=4018"}],"version-history":[{"count":2,"href":"https:\/\/www.marceljousse.com\/pt-br\/wp-json\/wp\/v2\/pages\/4018\/revisions"}],"predecessor-version":[{"id":4020,"href":"https:\/\/www.marceljousse.com\/pt-br\/wp-json\/wp\/v2\/pages\/4018\/revisions\/4020"}],"wp:attachment":[{"href":"https:\/\/www.marceljousse.com\/pt-br\/wp-json\/wp\/v2\/media?parent=4018"}],"curies":[{"name":"wp","href":"https:\/\/api.w.org\/{rel}","templated":true}]}}